{"id":2291,"date":"2022-03-14T14:17:14","date_gmt":"2022-03-14T13:17:14","guid":{"rendered":"https:\/\/www.newcharter.com\/?page_id=2291"},"modified":"2024-05-28T15:47:48","modified_gmt":"2024-05-28T13:47:48","slug":"privacy","status":"publish","type":"page","link":"https:\/\/www.newcharter.com\/en\/privacy\/","title":{"rendered":"privacy"},"content":{"rendered":"<section class=\"wpb-content-wrapper\"><div class=\"vc_row wpb_row vc_row-fluid\"><div class=\"wpb_column vc_column_container vc_col-sm-12\"><div class=\"vc_column-inner\"><div class=\"wpb_wrapper\">\n\t<div class=\"wpb_text_column wpb_content_element  vc_custom_1647264538950\" >\n\t\t<div class=\"wpb_wrapper\">\n\t\t\t<h2><\/h2>\n<h2><strong>INFORMATIVA RESA AI SENSI DEGLI ART. 13-14 DEL GDPR (GENERAL DATA PROTECTION REGULATION) 2016\/679<\/strong><\/h2>\n<p>La informiamo che, per l\u2019instaurazione e l\u2019esecuzione di rapporti contrattuali la nostra organizzazione potrebbe entrare in possesso di Suoi dati, acquisiti anche verbalmente, direttamente o tramite terzi, qualificati come personali dal Regolamento Europeo 2016\/679 (GDPR) e dal D. Lgs. 196\/2003, come modificato dal D. Lgs. 101\/2018.<\/p>\n<p>Secondo la normativa indicata, tale trattamento sar\u00e0 improntato ai principi di correttezza, liceit\u00e0, trasparenza e di tutela della Sua riservatezza e dei Suoi diritti, come di seguito meglio illustrato.<\/p>\n<p><strong>CHE TIPO DI DATI VENGONO TRATTATI?<\/strong><\/p>\n<p>Trattiamo i Suoi dati anagrafici, fiscali, di contatto e di natura economica necessari allo svolgimento dei rapporti contrattuali, in essere o futuri da Lei comunicati in occasione della conclusione ed esecuzione di contratti, ovvero in virt\u00f9 di rapporti e trattative pre-negoziali. Non siamo in possesso di Suoi dati qualificabili come particolari o di natura giudiziaria (art. 9 e 10 del GDPR), i quali verrebbero comunque trattati in presenza di una specifica legittima base giuridica.<\/p>\n<p><strong>VENGONO TRATTATI DATI DI MINORENNI?<\/strong><\/p>\n<p>I Servizi del Titolare non sono destinati a minori di 18 anni e il Titolare non raccoglie intenzionalmente informazioni personali riferite ai minori. Ove il soggetto che conferisce i dati sia minorenne, tale trattamento \u00e8 lecito soltanto se e nella misura in cui tale consenso \u00e8 prestato o autorizzato dal titolare della responsabilit\u00e0 genitoriale per il quale sono acquisiti i dati identificativi e copia dei documenti di riconoscimento. Differentemente, nel caso in cui informazioni su minori fossero involontariamente registrate o raccolte, il Titolare le canceller\u00e0 tempestivamente.<\/p>\n<p><strong>QUALI SONO LA FINALIT\u00c0 DEL TRATTAMENTO, LA DURATA DEL TRATTAMENTO E LA BASE GIURIDICA?<\/strong><\/p>\n<p>i Suoi dati vengono trattati per tutta la durata del rapporto contrattuale ed anche successivamente, senza il Suo consenso espresso ex art. 6 lett. b e f GDPR, solo ed esclusivamente per le seguenti finalit\u00e0: adempiere agli obblighi precontrattuali, contrattuali e fiscali; adempiere agli obblighi previsti dalla legge, da un regolamento, dalla normativa comunitaria o da un ordine dell\u2019Autorit\u00e0; esercitare i diritti del Titolare, ad esempio il diritto di difesa in giudizio.\u00a0 Il Titolare tratter\u00e0 i dati personali per il tempo necessario per adempiere alle finalit\u00e0 di cui sopra e comunque per non oltre 10 anni dalla cessazione del rapporto.<\/p>\n<p>Le segnaliamo che, se \u00e8 gi\u00e0 cliente, potremo inviarLe comunicazioni commerciali relative a servizi e prodotti del Titolare analoghi a quelli di cui ha gi\u00e0 usufruito, salvo Suo dissenso (artt. 130 D.lgs. 196\/2003 e 21 n.2 GDPR).<\/p>\n<p><strong>COSA SUCCEDE SE NON CI VENGONO COMUNICATI I DATI?<\/strong><\/p>\n<p>Per quanto concerne i dati che siamo obbligati a conoscere, al fine di adempiere agli obblighi previsti da leggi, il loro mancato conferimento da parte Sua comporta l\u2019impossibilit\u00e0 di instaurare o proseguire il rapporto, nei limiti in cui tali dati sono necessari all\u2019esecuzione dello stesso.<\/p>\n<p><strong>QUALI SOGGETTI POSSONO VENIRE A CONOSCENZA DEI SUOI DATI?<\/strong><\/p>\n<p>Le seguenti categorie di soggetti possono venire a conoscenza dei Suoi dati, in qualit\u00e0 di responsabili o soggetti autorizzati al trattamento, nominati dalla scrivente societ\u00e0, titolare del trattamento: dirigenti, amministratori e sindaci; uffici di segreteria interni; addetti alla contabilit\u00e0 ed alla fatturazione; addetti alla commercializzazione dei servizi; terzi soggetti (ad esempio, provider per la gestione e manutenzione del sito web, fornitori, istituti di credito, studi professionali, etc.) che svolgono attivit\u00e0 in outsourcing per conto del Titolare, nella loro qualit\u00e0 di responsabili esterni del trattamento; Organismi di vigilanza, Autorit\u00e0 giudiziarie, nonch\u00e9 a tutti gli altri soggetti ai quali la comunicazione sia obbligatoria per legge per l\u2019espletamento delle finalit\u00e0 indicate.<\/p>\n<p><strong>COME VENGONO DIFFUSI I SUOI DATI?<\/strong><\/p>\n<p>I Suoi dati non verranno da noi diffusi a soggetti indeterminati mediante la loro messa a disposizione o consultazione. I Suoi dati potranno da noi essere comunicati, per quanto di loro rispettiva e specifica competenza, ad Enti ed in generale ad ogni soggetto pubblico o privato rispetto al quale vi sia per noi obbligo (o facolt\u00e0 riconosciuta da norme di legge o di normativa secondaria o comunitaria) o necessit\u00e0 di comunicazione, nonch\u00e9 a soggetti nostri consulenti, nei limiti necessari per svolgere il loro incarico presso la nostra organizzazione, previo nostra lettera di incarico che imponga il dovere di riservatezza e sicurezza.<\/p>\n<p><strong>QUALI SONO I SUOI DIRITTI?<\/strong><\/p>\n<p>Nella Sua qualit\u00e0 di interessato, ha i diritti di cui all\u2019art. 15 GDPR e precisamente i diritti di: i. ottenere la conferma dell&#8217;esistenza o meno di dati personali che La riguardano, anche se non ancora registrati, e la loro comunicazione in forma intelligibile; ii. ottenere l&#8217;indicazione: a) dell&#8217;origine dei dati personali; b) delle finalit\u00e0 e modalit\u00e0 del trattamento; c) della logica applicata in caso di trattamento effettuato con l&#8217;ausilio di strumenti elettronici; d) degli estremi identificativi del titolare, dei responsabili e del rappresentante designato ai sensi dell&#8217;art. 3, comma 1, GDPR; e) dei soggetti o delle categorie di soggetti ai quali i dati personali possono essere comunicati o che possono venirne a conoscenza in qualit\u00e0 di rappresentante designato nel territorio dello Stato, di responsabili o incaricati; iii. ottenere: a) l&#8217;aggiornamento, la rettificazione ovvero l&#8217;integrazione dei dati; b) la cancellazione, la trasformazione in forma anonima o il blocco dei dati trattati in violazione di legge, compresi quelli di cui non \u00e8 necessaria la conservazione in relazione agli scopi per i quali i dati sono stati raccolti o successivamente trattati; c) l&#8217;attestazione che le operazioni di cui alle lettere a) e b) sono state portate a conoscenza, anche per quanto riguarda il loro contenuto, di coloro ai quali i dati sono stati comunicati o diffusi, eccettuato il caso in cui tale adempimento si rivela impossibile o comporta un impiego di mezzi manifestamente sproporzionato rispetto al diritto tutelato; iv. opporsi, in tutto o in parte: a) per motivi legittimi al trattamento dei dati personali che La riguardano, ancorch\u00e9 pertinenti allo scopo della raccolta; b) al trattamento di dati personali che La riguardano a fini di invio di materiale pubblicitario o di vendita diretta o per il compimento di ricerche di mercato o di comunicazione commerciale, mediante l\u2019uso di sistemi automatizzati di chiamata senza l\u2019intervento di un operatore, mediante email e\/o mediante modalit\u00e0 di marketing tradizionali quali telefono e\/o posta cartacea. Ove applicabili, avr\u00e0, altres\u00ec, i diritti di cui agli artt. 16-21 GDPR (Diritto di rettifica, diritto all\u2019oblio, diritto di limitazione di trattamento, diritto alla portabilit\u00e0 dei dati, diritto di opposizione), nonch\u00e9 il diritto di reclamo all\u2019Autorit\u00e0 Garante. In qualsiasi momento potr\u00e0 ottenere conferma dell&#8217;esistenza o meno di dati personali che La riguardano e la comunicazione di tali dati e delle finalit\u00e0 su cui si basa il trattamento.\u00a0 Inoltre, potr\u00e0 ottenere la cancellazione, la trasformazione in forma anonima o il blocco dei dati trattati in violazione di legge, nonch\u00e9 l&#8217;aggiornamento, la rettificazione o, qualora sussista un Suo interesse in merito, l&#8217;integrazione dei dati.\u00a0 Potr\u00e0 opporsi, per motivi legittimi, al trattamento stesso. Le chiediamo cortesemente di segnalare tempestivamente all\u2019Ufficio di riferimento della societ\u00e0 ogni eventuale variazione dei Suoi dati personali in modo da poter ottemperare alla normativa vigente, che richiede che i dati raccolti siano esatti e, quindi, aggiornati.<\/p>\n<p><strong>Titolare del trattamento <\/strong>\u00e8 <strong>NEW CHARTER SRL <\/strong>(P.iva 03643360153) con sede legale in 20124 Milano (MI), Viale Zara, 58, in persona del legale rappresentante Sig. Stefano Robbiati cui \u00e8 possibile rivolgersi per esercitare i diritti e\/o per eventuali chiarimenti in materia di tutela dati personali all\u2019indirizzo mail: <a href=\"mailto:giancarlo@newcharter.com\">giancarlo@newcharter.com<\/a><\/p>\n<p><strong>NEW CHARTER SRL<\/strong><\/p>\n\n\t\t<\/div>\n\t<\/div>\n<\/div><\/div><\/div><\/div>\n<\/section>","protected":false},"excerpt":{"rendered":"INFORMATIVA RESA AI SENSI DEGLI ART. 13-14 DEL GDPR (GENERAL DATA PROTECTION REGULATION) 2016\/679 La informiamo che, per l\u2019instaurazione e l\u2019esecuzione di rapporti contrattuali la nostra organizzazione potrebbe entrare in possesso di Suoi dati, acquisiti anche verbalmente, direttamente o tramite terzi, qualificati come personali dal Regolamento Europeo 2016\/679 (GDPR) e dal D. Lgs. 196\/2003, come [...]","protected":false},"author":1,"featured_media":0,"parent":0,"menu_order":0,"comment_status":"closed","ping_status":"closed","template":"redux-templates_full_width","meta":{"footnotes":""},"class_list":["post-2291","page","type-page","status-publish","hentry"],"yoast_head":"<!-- This site is optimized with the Yoast SEO plugin v27.2 - https:\/\/yoast.com\/product\/yoast-seo-wordpress\/ -->\n<title>privacy - newCharter srl<\/title>\n<meta name=\"robots\" content=\"index, follow, max-snippet:-1, max-image-preview:large, max-video-preview:-1\" \/>\n<link rel=\"canonical\" href=\"https:\/\/www.newcharter.com\/en\/privacy\/\" \/>\n<meta property=\"og:locale\" content=\"en_GB\" \/>\n<meta property=\"og:type\" content=\"article\" \/>\n<meta property=\"og:title\" content=\"privacy - newCharter srl\" \/>\n<meta property=\"og:url\" content=\"https:\/\/www.newcharter.com\/en\/privacy\/\" \/>\n<meta property=\"og:site_name\" content=\"newCharter srl\" \/>\n<meta property=\"article:modified_time\" content=\"2024-05-28T13:47:48+00:00\" \/>\n<meta name=\"twitter:card\" content=\"summary_large_image\" \/>\n<meta name=\"twitter:label1\" content=\"Estimated reading time\" \/>\n\t<meta name=\"twitter:data1\" content=\"6 minutes\" \/>\n<script type=\"application\/ld+json\" class=\"yoast-schema-graph\">{\"@context\":\"https:\/\/schema.org\",\"@graph\":[{\"@type\":\"WebPage\",\"@id\":\"https:\/\/www.newcharter.com\/privacy\/\",\"url\":\"https:\/\/www.newcharter.com\/privacy\/\",\"name\":\"privacy - newCharter srl\",\"isPartOf\":{\"@id\":\"https:\/\/www.newcharter.com\/#website\"},\"datePublished\":\"2022-03-14T13:17:14+00:00\",\"dateModified\":\"2024-05-28T13:47:48+00:00\",\"breadcrumb\":{\"@id\":\"https:\/\/www.newcharter.com\/privacy\/#breadcrumb\"},\"inLanguage\":\"en-GB\",\"potentialAction\":[{\"@type\":\"ReadAction\",\"target\":[\"https:\/\/www.newcharter.com\/privacy\/\"]}]},{\"@type\":\"BreadcrumbList\",\"@id\":\"https:\/\/www.newcharter.com\/privacy\/#breadcrumb\",\"itemListElement\":[{\"@type\":\"ListItem\",\"position\":1,\"name\":\"Home\",\"item\":\"https:\/\/www.newcharter.com\/\"},{\"@type\":\"ListItem\",\"position\":2,\"name\":\"privacy\"}]},{\"@type\":\"WebSite\",\"@id\":\"https:\/\/www.newcharter.com\/#website\",\"url\":\"https:\/\/www.newcharter.com\/\",\"name\":\"Neutral Air Freight Broker for Freight Forwarders | NewCharter\",\"description\":\"First Neutral Air Freight Broker\",\"publisher\":{\"@id\":\"https:\/\/www.newcharter.com\/#organization\"},\"potentialAction\":[{\"@type\":\"SearchAction\",\"target\":{\"@type\":\"EntryPoint\",\"urlTemplate\":\"https:\/\/www.newcharter.com\/?s={search_term_string}\"},\"query-input\":{\"@type\":\"PropertyValueSpecification\",\"valueRequired\":true,\"valueName\":\"search_term_string\"}}],\"inLanguage\":\"en-GB\"},{\"@type\":\"Organization\",\"@id\":\"https:\/\/www.newcharter.com\/#organization\",\"name\":\"Neutral Air Freight Broker for Freight Forwarders | NewCharter\",\"url\":\"https:\/\/www.newcharter.com\/\",\"logo\":{\"@type\":\"ImageObject\",\"inLanguage\":\"en-GB\",\"@id\":\"https:\/\/www.newcharter.com\/#\/schema\/logo\/image\/\",\"url\":\"https:\/\/www.newcharter.com\/wp-content\/uploads\/2020\/11\/new_charter_colore_logo_def.png\",\"contentUrl\":\"https:\/\/www.newcharter.com\/wp-content\/uploads\/2020\/11\/new_charter_colore_logo_def.png\",\"width\":1750,\"height\":584,\"caption\":\"Neutral Air Freight Broker for Freight Forwarders | NewCharter\"},\"image\":{\"@id\":\"https:\/\/www.newcharter.com\/#\/schema\/logo\/image\/\"}}]}<\/script>\n<!-- \/ Yoast SEO plugin. -->","yoast_head_json":{"title":"privacy - newCharter srl","robots":{"index":"index","follow":"follow","max-snippet":"max-snippet:-1","max-image-preview":"max-image-preview:large","max-video-preview":"max-video-preview:-1"},"canonical":"https:\/\/www.newcharter.com\/en\/privacy\/","og_locale":"en_GB","og_type":"article","og_title":"privacy - newCharter srl","og_url":"https:\/\/www.newcharter.com\/en\/privacy\/","og_site_name":"newCharter srl","article_modified_time":"2024-05-28T13:47:48+00:00","twitter_card":"summary_large_image","twitter_misc":{"Estimated reading time":"6 minutes"},"schema":{"@context":"https:\/\/schema.org","@graph":[{"@type":"WebPage","@id":"https:\/\/www.newcharter.com\/privacy\/","url":"https:\/\/www.newcharter.com\/privacy\/","name":"privacy - newCharter srl","isPartOf":{"@id":"https:\/\/www.newcharter.com\/#website"},"datePublished":"2022-03-14T13:17:14+00:00","dateModified":"2024-05-28T13:47:48+00:00","breadcrumb":{"@id":"https:\/\/www.newcharter.com\/privacy\/#breadcrumb"},"inLanguage":"en-GB","potentialAction":[{"@type":"ReadAction","target":["https:\/\/www.newcharter.com\/privacy\/"]}]},{"@type":"BreadcrumbList","@id":"https:\/\/www.newcharter.com\/privacy\/#breadcrumb","itemListElement":[{"@type":"ListItem","position":1,"name":"Home","item":"https:\/\/www.newcharter.com\/"},{"@type":"ListItem","position":2,"name":"privacy"}]},{"@type":"WebSite","@id":"https:\/\/www.newcharter.com\/#website","url":"https:\/\/www.newcharter.com\/","name":"Neutral Air Freight Broker for Freight Forwarders | NewCharter","description":"First Neutral Air Freight Broker","publisher":{"@id":"https:\/\/www.newcharter.com\/#organization"},"potentialAction":[{"@type":"SearchAction","target":{"@type":"EntryPoint","urlTemplate":"https:\/\/www.newcharter.com\/?s={search_term_string}"},"query-input":{"@type":"PropertyValueSpecification","valueRequired":true,"valueName":"search_term_string"}}],"inLanguage":"en-GB"},{"@type":"Organization","@id":"https:\/\/www.newcharter.com\/#organization","name":"Neutral Air Freight Broker for Freight Forwarders | NewCharter","url":"https:\/\/www.newcharter.com\/","logo":{"@type":"ImageObject","inLanguage":"en-GB","@id":"https:\/\/www.newcharter.com\/#\/schema\/logo\/image\/","url":"https:\/\/www.newcharter.com\/wp-content\/uploads\/2020\/11\/new_charter_colore_logo_def.png","contentUrl":"https:\/\/www.newcharter.com\/wp-content\/uploads\/2020\/11\/new_charter_colore_logo_def.png","width":1750,"height":584,"caption":"Neutral Air Freight Broker for Freight Forwarders | NewCharter"},"image":{"@id":"https:\/\/www.newcharter.com\/#\/schema\/logo\/image\/"}}]}},"_links":{"self":[{"href":"https:\/\/www.newcharter.com\/en\/wp-json\/wp\/v2\/pages\/2291","targetHints":{"allow":["GET"]}}],"collection":[{"href":"https:\/\/www.newcharter.com\/en\/wp-json\/wp\/v2\/pages"}],"about":[{"href":"https:\/\/www.newcharter.com\/en\/wp-json\/wp\/v2\/types\/page"}],"author":[{"embeddable":true,"href":"https:\/\/www.newcharter.com\/en\/wp-json\/wp\/v2\/users\/1"}],"replies":[{"embeddable":true,"href":"https:\/\/www.newcharter.com\/en\/wp-json\/wp\/v2\/comments?post=2291"}],"version-history":[{"count":0,"href":"https:\/\/www.newcharter.com\/en\/wp-json\/wp\/v2\/pages\/2291\/revisions"}],"wp:attachment":[{"href":"https:\/\/www.newcharter.com\/en\/wp-json\/wp\/v2\/media?parent=2291"}],"curies":[{"name":"wp","href":"https:\/\/api.w.org\/{rel}","templated":true}]}}